{"id":763,"date":"2025-07-08T18:14:07","date_gmt":"2025-07-08T15:14:07","guid":{"rendered":"https:\/\/saaremaakadakapaneelid.ee\/?page_id=763"},"modified":"2026-02-28T12:16:26","modified_gmt":"2026-02-28T10:16:26","slug":"tellimisinfo","status":"publish","type":"page","link":"https:\/\/saaremaakadakapaneelid.ee\/eng\/tellimisinfo\/","title":{"rendered":"Order information"},"content":{"rendered":"<p class=\"has-text-align-center\">To order, send a request with measurements to info@saaremaakadakapaneelid or write to us on messenger. You can also calculate the approximate price yourself.<sup>2<\/sup> The price is 165\u20ac per m\u00b2 (does not apply to tiles smaller than 0.5m2 and special sizes, e.g. round)<sup>2<\/sup> .<\/p>\n\n\n\n<p class=\"has-text-align-center\">The price of transport depends on the size and location of the tiles, starting at \u20ac13. We ship across Estonia and abroad.<\/p>\n\n\n\n<p class=\"has-text-align-center\">Delivery time is approximately 2-3 weeks. If you are in a hurry, let us know and we will do it faster if possible. For large quantities, delivery time may be longer.<\/p>\n\n\n\n<p class=\"has-text-align-center\">For urgent questions, you can write to messenger or call +372 58150010.<\/p>\n\n\n\n<p class=\"has-text-align-center\"><\/p>","protected":false},"excerpt":{"rendered":"<p>Tellimiseks saada p\u00e4ring m\u00f5\u00f5tudega info@saaremaakadakapaneelid v\u00f5i kirjuta meile messengeri. Umbkaudse hinna saad ka ise v\u00e4lja arvutada, m2 hind on 165\u20ac (ei kehti v\u00e4iksemate kui 0,5m2 plaatidele ja erim\u00f5\u00f5dulistele, nt \u00fcmmargune). Transpordi hind oleneb plaatide suurusest ja asukohast, alates 13\u20ac. Saadame nii \u00fcle Eesti kui ka v\u00e4lismaale. Tarneaeg on umbes 2-3 n\u00e4dalat. Kui on v\u00e4ga kiire, [&hellip;]<\/p>","protected":false},"author":1,"featured_media":0,"parent":0,"menu_order":0,"comment_status":"closed","ping_status":"closed","template":"","meta":{"footnotes":""},"class_list":["post-763","page","type-page","status-publish","hentry"],"_links":{"self":[{"href":"https:\/\/saaremaakadakapaneelid.ee\/eng\/wp-json\/wp\/v2\/pages\/763","targetHints":{"allow":["GET"]}}],"collection":[{"href":"https:\/\/saaremaakadakapaneelid.ee\/eng\/wp-json\/wp\/v2\/pages"}],"about":[{"href":"https:\/\/saaremaakadakapaneelid.ee\/eng\/wp-json\/wp\/v2\/types\/page"}],"author":[{"embeddable":true,"href":"https:\/\/saaremaakadakapaneelid.ee\/eng\/wp-json\/wp\/v2\/users\/1"}],"replies":[{"embeddable":true,"href":"https:\/\/saaremaakadakapaneelid.ee\/eng\/wp-json\/wp\/v2\/comments?post=763"}],"version-history":[{"count":11,"href":"https:\/\/saaremaakadakapaneelid.ee\/eng\/wp-json\/wp\/v2\/pages\/763\/revisions"}],"predecessor-version":[{"id":813,"href":"https:\/\/saaremaakadakapaneelid.ee\/eng\/wp-json\/wp\/v2\/pages\/763\/revisions\/813"}],"wp:attachment":[{"href":"https:\/\/saaremaakadakapaneelid.ee\/eng\/wp-json\/wp\/v2\/media?parent=763"}],"curies":[{"name":"wp","href":"https:\/\/api.w.org\/{rel}","templated":true}]}}